{"id":442,"date":"2026-03-23T13:03:34","date_gmt":"2026-03-23T10:03:34","guid":{"rendered":"https:\/\/friendlymotors.de\/?page_id=442"},"modified":"2026-03-23T13:05:54","modified_gmt":"2026-03-23T10:05:54","slug":"legal-info","status":"publish","type":"page","link":"https:\/\/friendlymotors.de\/eng\/legal-info\/","title":{"rendered":"Legal Information"},"content":{"rendered":"<p><strong><mark style=\"background-color:rgba(0, 0, 0, 0);color:#db0e0e\" class=\"has-inline-color\">Friendly Motors<\/mark> GmbH<\/strong><br><br><strong>Vertretungsberechtigter Gesch\u00e4ftsf\u00fchrer: <mark style=\"background-color:rgba(0, 0, 0, 0);color:#696969\" class=\"has-inline-color\">Arseniy Kuzminykh<\/mark><\/strong><br><br><strong>B\u00f6rnsener Stra\u00dfe 36,<\/strong><br><strong>21039 B\u00f6rnsen<\/strong><br><strong>Deutschland<\/strong><br><strong>Telefon: <mark style=\"background-color:rgba(0, 0, 0, 0);color:#696969\" class=\"has-inline-color\">+49 176 20909738<\/mark><\/strong><br><strong>E-Mail: info@fiendlymotors.de<\/strong><br><strong>Registernummer: <mark style=\"background-color:rgba(0, 0, 0, 0);color:#696969\" class=\"has-inline-color\">HRB 182631<\/mark><\/strong><br><strong>Umsatzsteueridentifikationsnummer: <mark style=\"background-color:rgba(0, 0, 0, 0);color:#696969\" class=\"has-inline-color\">DE363543694<\/mark><\/strong><br><strong>Steuernummer: <mark style=\"background-color:rgba(0, 0, 0, 0);color:#696969\" class=\"has-inline-color\">49\/722\/00579<\/mark><\/strong><\/p>","protected":false},"excerpt":{"rendered":"<p>Friendly Motors GmbH Vertretungsberechtigter Gesch\u00e4ftsf\u00fchrer: Arseniy Kuzminykh B\u00f6rnsener Stra\u00dfe 36,21039 B\u00f6rnsenDeutschlandTelefon: +49 176 20909738E-Mail: info@fiendlymotors.deRegisternummer: HRB 182631Umsatzsteueridentifikationsnummer: DE363543694Steuernummer: 49\/722\/00579<\/p>","protected":false},"author":1,"featured_media":0,"parent":0,"menu_order":0,"comment_status":"closed","ping_status":"closed","template":"","meta":{"footnotes":""},"class_list":["post-442","page","type-page","status-publish","hentry"],"acf":[],"yoast_head":"<!-- This site is optimized with the Yoast SEO plugin v27.1.1 - https:\/\/yoast.com\/product\/yoast-seo-wordpress\/ -->\n<title>\u042e\u0440\u0438\u0434\u0438\u0447\u0435\u0441\u043a\u0430\u044f \u0438\u043d\u0444\u043e\u0440\u043c\u0430\u0446\u0438\u044f - Friendly Motors<\/title>\n<meta name=\"robots\" content=\"noindex, follow, max-snippet:-1, max-image-preview:large, max-video-preview:-1\" \/>\n<meta property=\"og:locale\" content=\"en_US\" \/>\n<meta property=\"og:type\" content=\"article\" \/>\n<meta property=\"og:title\" content=\"\u042e\u0440\u0438\u0434\u0438\u0447\u0435\u0441\u043a\u0430\u044f \u0438\u043d\u0444\u043e\u0440\u043c\u0430\u0446\u0438\u044f - Friendly Motors\" \/>\n<meta property=\"og:description\" content=\"Friendly Motors GmbH Vertretungsberechtigter Gesch\u00e4ftsf\u00fchrer: Arseniy Kuzminykh B\u00f6rnsener Stra\u00dfe 36,21039 B\u00f6rnsenDeutschlandTelefon: +49 176 20909738E-Mail: info@fiendlymotors.deRegisternummer: HRB 182631Umsatzsteueridentifikationsnummer: DE363543694Steuernummer: 49\/722\/00579\" \/>\n<meta property=\"og:url\" content=\"https:\/\/friendlymotors.de\/eng\/legal-info\/\" \/>\n<meta property=\"og:site_name\" content=\"Friendly Motors\" \/>\n<meta property=\"article:modified_time\" content=\"2026-03-23T10:05:54+00:00\" \/>\n<meta name=\"twitter:card\" content=\"summary_large_image\" \/>\n<meta name=\"twitter:label1\" content=\"Est. reading time\" \/>\n\t<meta name=\"twitter:data1\" content=\"1 minute\" \/>\n<script type=\"application\/ld+json\" class=\"yoast-schema-graph\">{\"@context\":\"https:\/\/schema.org\",\"@graph\":[{\"@type\":\"WebPage\",\"@id\":\"https:\/\/friendlymotors.de\/legal-info\/\",\"url\":\"https:\/\/friendlymotors.de\/legal-info\/\",\"name\":\"\u042e\u0440\u0438\u0434\u0438\u0447\u0435\u0441\u043a\u0430\u044f \u0438\u043d\u0444\u043e\u0440\u043c\u0430\u0446\u0438\u044f - Friendly Motors\",\"isPartOf\":{\"@id\":\"https:\/\/friendlymotors.de\/#website\"},\"datePublished\":\"2026-03-23T10:03:34+00:00\",\"dateModified\":\"2026-03-23T10:05:54+00:00\",\"breadcrumb\":{\"@id\":\"https:\/\/friendlymotors.de\/legal-info\/#breadcrumb\"},\"inLanguage\":\"en-US\",\"potentialAction\":[{\"@type\":\"ReadAction\",\"target\":[\"https:\/\/friendlymotors.de\/legal-info\/\"]}]},{\"@type\":\"BreadcrumbList\",\"@id\":\"https:\/\/friendlymotors.de\/legal-info\/#breadcrumb\",\"itemListElement\":[{\"@type\":\"ListItem\",\"position\":1,\"name\":\"\u0413\u043b\u0430\u0432\u043d\u0430\u044f \u0441\u0442\u0440\u0430\u043d\u0438\u0446\u0430\",\"item\":\"https:\/\/friendlymotors.de\/\"},{\"@type\":\"ListItem\",\"position\":2,\"name\":\"\u042e\u0440\u0438\u0434\u0438\u0447\u0435\u0441\u043a\u0430\u044f \u0438\u043d\u0444\u043e\u0440\u043c\u0430\u0446\u0438\u044f\"}]},{\"@type\":\"WebSite\",\"@id\":\"https:\/\/friendlymotors.de\/#website\",\"url\":\"https:\/\/friendlymotors.de\/\",\"name\":\"Friendly Motors\",\"description\":\"\",\"potentialAction\":[{\"@type\":\"SearchAction\",\"target\":{\"@type\":\"EntryPoint\",\"urlTemplate\":\"https:\/\/friendlymotors.de\/?s={search_term_string}\"},\"query-input\":{\"@type\":\"PropertyValueSpecification\",\"valueRequired\":true,\"valueName\":\"search_term_string\"}}],\"inLanguage\":\"en-US\"}]}<\/script>\n<!-- \/ Yoast SEO plugin. -->","yoast_head_json":{"title":"\u042e\u0440\u0438\u0434\u0438\u0447\u0435\u0441\u043a\u0430\u044f \u0438\u043d\u0444\u043e\u0440\u043c\u0430\u0446\u0438\u044f - Friendly Motors","robots":{"index":"noindex","follow":"follow","max-snippet":"max-snippet:-1","max-image-preview":"max-image-preview:large","max-video-preview":"max-video-preview:-1"},"og_locale":"en_US","og_type":"article","og_title":"\u042e\u0440\u0438\u0434\u0438\u0447\u0435\u0441\u043a\u0430\u044f \u0438\u043d\u0444\u043e\u0440\u043c\u0430\u0446\u0438\u044f - Friendly Motors","og_description":"Friendly Motors GmbH Vertretungsberechtigter Gesch\u00e4ftsf\u00fchrer: Arseniy Kuzminykh B\u00f6rnsener Stra\u00dfe 36,21039 B\u00f6rnsenDeutschlandTelefon: +49 176 20909738E-Mail: info@fiendlymotors.deRegisternummer: HRB 182631Umsatzsteueridentifikationsnummer: DE363543694Steuernummer: 49\/722\/00579","og_url":"https:\/\/friendlymotors.de\/eng\/legal-info\/","og_site_name":"Friendly Motors","article_modified_time":"2026-03-23T10:05:54+00:00","twitter_card":"summary_large_image","twitter_misc":{"Est. reading time":"1 minute"},"schema":{"@context":"https:\/\/schema.org","@graph":[{"@type":"WebPage","@id":"https:\/\/friendlymotors.de\/legal-info\/","url":"https:\/\/friendlymotors.de\/legal-info\/","name":"\u042e\u0440\u0438\u0434\u0438\u0447\u0435\u0441\u043a\u0430\u044f \u0438\u043d\u0444\u043e\u0440\u043c\u0430\u0446\u0438\u044f - Friendly Motors","isPartOf":{"@id":"https:\/\/friendlymotors.de\/#website"},"datePublished":"2026-03-23T10:03:34+00:00","dateModified":"2026-03-23T10:05:54+00:00","breadcrumb":{"@id":"https:\/\/friendlymotors.de\/legal-info\/#breadcrumb"},"inLanguage":"en-US","potentialAction":[{"@type":"ReadAction","target":["https:\/\/friendlymotors.de\/legal-info\/"]}]},{"@type":"BreadcrumbList","@id":"https:\/\/friendlymotors.de\/legal-info\/#breadcrumb","itemListElement":[{"@type":"ListItem","position":1,"name":"\u0413\u043b\u0430\u0432\u043d\u0430\u044f \u0441\u0442\u0440\u0430\u043d\u0438\u0446\u0430","item":"https:\/\/friendlymotors.de\/"},{"@type":"ListItem","position":2,"name":"\u042e\u0440\u0438\u0434\u0438\u0447\u0435\u0441\u043a\u0430\u044f \u0438\u043d\u0444\u043e\u0440\u043c\u0430\u0446\u0438\u044f"}]},{"@type":"WebSite","@id":"https:\/\/friendlymotors.de\/#website","url":"https:\/\/friendlymotors.de\/","name":"Friendly Motors","description":"","potentialAction":[{"@type":"SearchAction","target":{"@type":"EntryPoint","urlTemplate":"https:\/\/friendlymotors.de\/?s={search_term_string}"},"query-input":{"@type":"PropertyValueSpecification","valueRequired":true,"valueName":"search_term_string"}}],"inLanguage":"en-US"}]}},"_links":{"self":[{"href":"https:\/\/friendlymotors.de\/eng\/wp-json\/wp\/v2\/pages\/442","targetHints":{"allow":["GET"]}}],"collection":[{"href":"https:\/\/friendlymotors.de\/eng\/wp-json\/wp\/v2\/pages"}],"about":[{"href":"https:\/\/friendlymotors.de\/eng\/wp-json\/wp\/v2\/types\/page"}],"author":[{"embeddable":true,"href":"https:\/\/friendlymotors.de\/eng\/wp-json\/wp\/v2\/users\/1"}],"replies":[{"embeddable":true,"href":"https:\/\/friendlymotors.de\/eng\/wp-json\/wp\/v2\/comments?post=442"}],"version-history":[{"count":2,"href":"https:\/\/friendlymotors.de\/eng\/wp-json\/wp\/v2\/pages\/442\/revisions"}],"predecessor-version":[{"id":445,"href":"https:\/\/friendlymotors.de\/eng\/wp-json\/wp\/v2\/pages\/442\/revisions\/445"}],"wp:attachment":[{"href":"https:\/\/friendlymotors.de\/eng\/wp-json\/wp\/v2\/media?parent=442"}],"curies":[{"name":"wp","href":"https:\/\/api.w.org\/{rel}","templated":true}]}}